{"id":3,"date":"2025-10-24T19:05:20","date_gmt":"2025-10-24T17:05:20","guid":{"rendered":"https:\/\/sp-development.pl\/?page_id=3"},"modified":"2026-03-25T10:52:46","modified_gmt":"2026-03-25T09:52:46","slug":"polityka-prywatnosci","status":"publish","type":"page","link":"https:\/\/sp-development.pl\/?page_id=3","title":{"rendered":"Polityka prywatno\u015bci"},"content":{"rendered":"\t\t<div data-elementor-type=\"wp-page\" data-elementor-id=\"3\" class=\"elementor elementor-3\" data-elementor-post-type=\"page\">\n\t\t\t\t<div class=\"elementor-element elementor-element-8181017 e-flex e-con-boxed e-con e-parent\" data-id=\"8181017\" data-element_type=\"container\">\n\t\t\t\t\t<div class=\"e-con-inner\">\n\t\t<div class=\"elementor-element elementor-element-30cb667 e-con-full e-flex e-con e-child\" data-id=\"30cb667\" data-element_type=\"container\">\n\t\t\t\t<div class=\"elementor-element elementor-element-4b0df62 elementor-widget elementor-widget-heading\" data-id=\"4b0df62\" data-element_type=\"widget\" data-widget_type=\"heading.default\">\n\t\t\t\t\t<h2 class=\"elementor-heading-title elementor-size-default\">Polityka prywatno\u015bci<\/h2>\t\t\t\t<\/div>\n\t\t\t\t<\/div>\n\t\t\t\t\t<\/div>\n\t\t\t\t<\/div>\n\t\t<div class=\"elementor-element elementor-element-8d84816 e-flex e-con-boxed e-con e-parent\" data-id=\"8d84816\" data-element_type=\"container\">\n\t\t\t\t\t<div class=\"e-con-inner\">\n\t\t\t\t<div class=\"elementor-element elementor-element-a7f2c84 elementor-widget elementor-widget-text-editor\" data-id=\"a7f2c84\" data-element_type=\"widget\" data-widget_type=\"text-editor.default\">\n\t\t\t\t\t\t\t\t\t<h4>1. Informacje og\u00f3lne<\/h4>\n<ol start=\"1\">\n<li>Niniejsza polityka dotyczy Serwisu www, funkcjonuj\u0105cego pod adresem url: https:\/\/sp-development.pl\/<\/li>\n<li>Operatorem serwisu oraz Administratorem danych osobowych jest: STEINB\u00d6CK &amp; PARTNER DEVELOPMENT SP\u00d3\u0141KA Z OGRANICZON\u0104 ODPOWIEDZIALNO\u015aCI\u0104, KRS <span style=\"font-family: -apple-system, BlinkMacSystemFont, 'Segoe UI', Roboto, 'Helvetica Neue', Arial, 'Noto Sans', sans-serif, 'Apple Color Emoji', 'Segoe UI Emoji', 'Segoe UI Symbol', 'Noto Color Emoji';\">0000932357, <\/span><span style=\"font-family: -apple-system, BlinkMacSystemFont, 'Segoe UI', Roboto, 'Helvetica Neue', Arial, 'Noto Sans', sans-serif, 'Apple Color Emoji', 'Segoe UI Emoji', 'Segoe UI Symbol', 'Noto Color Emoji';\">NIP <\/span><span style=\"font-family: -apple-system, BlinkMacSystemFont, 'Segoe UI', Roboto, 'Helvetica Neue', Arial, 'Noto Sans', sans-serif, 'Apple Color Emoji', 'Segoe UI Emoji', 'Segoe UI Symbol', 'Noto Color Emoji';\">8172202975, <\/span><span style=\"font-family: -apple-system, BlinkMacSystemFont, 'Segoe UI', Roboto, 'Helvetica Neue', Arial, 'Noto Sans', sans-serif, 'Apple Color Emoji', 'Segoe UI Emoji', 'Segoe UI Symbol', 'Noto Color Emoji';\">REGON, <\/span><span style=\"font-family: -apple-system, BlinkMacSystemFont, 'Segoe UI', Roboto, 'Helvetica Neue', Arial, 'Noto Sans', sans-serif, 'Apple Color Emoji', 'Segoe UI Emoji', 'Segoe UI Symbol', 'Noto Color Emoji';\">520468918<\/span><\/li>\n<li>Adres kontaktowy poczty elektronicznej operatora: steinbockpartnerdevelopment@gmail.com<\/li>\n<li>Operator jest Administratorem Twoich danych osobowych w odniesieniu do danych podanych dobrowolnie w Serwisie.<\/li>\n<li>Serwis wykorzystuje dane osobowe w nast\u0119puj\u0105cych celach prezentacji oferty lub informacji<\/li>\n<li>Serwis realizuje funkcje pozyskiwania informacji o u\u017cytkownikach i ich zachowaniu poprzez dobrowolnie wprowadzone w formularzach dane, kt\u00f3re zostaj\u0105 wprowadzone do system\u00f3w Operatora, oraz poprzez zapisywanie w urz\u0105dzeniach ko\u0144cowych plik\u00f3w cookie (tzw. \u201eciasteczka\u201d).<\/li>\n<\/ol>\n<h4>2. Wybrane metody ochrony danych stosowane przez Operatora<\/h4>\n<ol start=\"1\">\n<li>Dane osobowe przechowywane w bazie danych s\u0105 zaszyfrowane w taki spos\u00f3b, \u017ce jedynie posiadaj\u0105cy Operator klucz mo\u017ce je odczyta\u0107. Dzi\u0119ki temu dane s\u0105 chronione na wypadek wykradzenia bazy danych z serwera.<\/li>\n<li>Operator okresowo zmienia swoje has\u0142a administracyjne.<\/li>\n<li>Istotnym elementem ochrony danych jest regularna aktualizacja wszelkiego oprogramowania, wykorzystywanego przez Operatora do przetwarzania danych osobowych, co w szczeg\u00f3lno\u015bci oznacza regularne aktualizacje komponent\u00f3w programistycznych.&nbsp;<\/li>\n<\/ol>\n<h4>3. Hosting<\/h4>\n<ol start=\"1\">\n<li>Serwis jest hostowany (technicznie utrzymywany) na serwerach operatora: lh.pl<\/li>\n<\/ol>\n<h4>4. Twoje prawa i dodatkowe informacje o sposobie wykorzystania danych<\/h4>\n<ol start=\"1\">\n<li>W niekt\u00f3rych sytuacjach Administrator ma prawo przekazywa\u0107 Twoje dane osobowe innym odbiorcom, je\u015bli b\u0119dzie to niezb\u0119dne do wykonania zawartej z Tob\u0105 umowy lub do zrealizowania obowi\u0105zk\u00f3w ci\u0105\u017c\u0105cych na Administratorze. Dotyczy to takich grup odbiorc\u00f3w jak upowa\u017cnieni pracownicy i wsp\u00f3\u0142pracownicy, kt\u00f3rzy korzystaj\u0105 z danych w celu realizacji celu dzia\u0142ania strony<\/li>\n<\/ol>\n<ol start=\"2\">\n<li>Twoje dane osobowe przetwarzane przez Administratora nie d\u0142u\u017cej, ni\u017c jest to konieczne do wykonania zwi\u0105zanych z nimi czynno\u015bci okre\u015blonych osobnymi przepisami (np. o prowadzeniu rachunkowo\u015bci). W odniesieniu do danych marketingowych dane nie b\u0119d\u0105 przetwarzane d\u0142u\u017cej ni\u017c przez 3 lata.<\/li>\n<li>Przys\u0142uguje Ci prawo \u017c\u0105dania od Administratora:<\/li>\n<\/ol>\n<ul>\n<li>dost\u0119pu do danych osobowych Ciebie dotycz\u0105cych,<\/li>\n<li>ich sprostowania,<\/li>\n<li>usuni\u0119cia,<\/li>\n<li>ograniczenia przetwarzania,<\/li>\n<li>oraz przenoszenia danych<\/li>\n<\/ul>\n<ol start=\"4\">\n<li>Przys\u0142uguje Ci prawo do z\u0142o\u017cenia sprzeciwu w zakresie przetwarzania wskazanego w pkt 3.3 c) wobec przetwarzania danych osobowych w celu wykonania prawnie uzasadnionych interes\u00f3w realizowanych przez Administratora, w tym profilowania, przy czym prawo sprzeciwu nie b\u0119dzie mog\u0142o by\u0107 wykonane w przypadku istnienia wa\u017cnych prawnie uzasadnionych podstaw do przetwarzania, nadrz\u0119dnych wobec Ciebie interes\u00f3w, praw i wolno\u015bci, w szczeg\u00f3lno\u015bci ustalenia, dochodzenia lub obrony roszcze\u0144.<\/li>\n<li>Na dzia\u0142ania Administratora przys\u0142uguje skarga do Prezesa Urz\u0119du Ochrony Danych Osobowych, ul. Stawki 2, 00-193 Warszawa.<\/li>\n<li>Podanie danych osobowych jest dobrowolne, lecz niezb\u0119dne do obs\u0142ugi Serwisu.<\/li>\n<li>W stosunku do Ciebie mog\u0105 by\u0107 podejmowane czynno\u015bci polegaj\u0105ce na zautomatyzowanym podejmowaniu decyzji, w tym profilowaniu w celu \u015bwiadczenia us\u0142ug w ramach zawartej umowy oraz w celu prowadzenia przez Administratora marketingu bezpo\u015bredniego.<\/li>\n<li>Dane osobowe nie s\u0105 przekazywane od kraj\u00f3w trzecich w rozumieniu przepis\u00f3w o ochronie danych osobowych. Oznacza to, \u017ce nie przesy\u0142amy ich poza teren Unii Europejskiej.&nbsp;<\/li>\n<\/ol>\n<h4>5. Informacje w formularzach<\/h4>\n<ol start=\"1\">\n<li>Serwis zbiera informacje podane dobrowolnie przez u\u017cytkownika, w tym dane osobowe, o ile zostan\u0105 one podane.<\/li>\n<li>Serwis mo\u017ce zapisa\u0107 informacje o parametrach po\u0142\u0105czenia (oznaczenie czasu, adres IP).<\/li>\n<li>Serwis, w niekt\u00f3rych wypadkach, mo\u017ce zapisa\u0107 informacj\u0119 u\u0142atwiaj\u0105c\u0105 powi\u0105zanie danych w formularzu z adresem e-mail u\u017cytkownika wype\u0142niaj\u0105cego formularz. W takim wypadku adres e-mail u\u017cytkownika pojawia si\u0119 wewn\u0105trz adresu url strony zawieraj\u0105cej formularz.<\/li>\n<li>Dane podane w formularzu s\u0105 przetwarzane w celu wynikaj\u0105cym z funkcji konkretnego formularza, np. w celu dokonania procesu obs\u0142ugi zg\u0142oszenia serwisowego lub kontaktu handlowego, rejestracji us\u0142ug itp. Ka\u017cdorazowo kontekst i opis formularza w czytelny spos\u00f3b informuje, do czego on s\u0142u\u017cy.<\/li>\n<\/ol>\n<h4>6. Logi Administratora<\/h4>\n<ol start=\"1\">\n<li>Informacje zachowaniu u\u017cytkownik\u00f3w w serwisie mog\u0105 podlega\u0107 logowaniu. Dane te s\u0105 wykorzystywane w celu administrowania serwisem.<\/li>\n<\/ol>\n<h4>7. Istotne techniki marketingowe<\/h4>\n<ol start=\"1\">\n<li>Operator stosuje analiz\u0119 statystyczn\u0105 ruchu na stronie, poprzez Google Analytics (Google Inc. z siedzib\u0105 w USA). Operator nie przekazuje do operatora tej us\u0142ugi danych osobowych, a jedynie zanonimizowane informacje. Us\u0142uga bazuje na wykorzystaniu ciasteczek w urz\u0105dzeniu ko\u0144cowym u\u017cytkownika. W zakresie informacji o preferencjach u\u017cytkownika gromadzonych przez sie\u0107 reklamow\u0105 Google u\u017cytkownik mo\u017ce przegl\u0105da\u0107 i edytowa\u0107 informacje wynikaj\u0105ce z plik\u00f3w cookies przy pomocy narz\u0119dzia: https:\/\/www.google.com\/ads\/preferences<\/li>\n<\/ol>\t\t\t\t\t\t\t\t<\/div>\n\t\t\t\t\t<\/div>\n\t\t\t\t<\/div>\n\t\t\t\t<\/div>\n\t\t","protected":false},"excerpt":{"rendered":"<p>Polityka prywatno\u015bci 1. Informacje og\u00f3lne Niniejsza polityka dotyczy Serwisu www, funkcjonuj\u0105cego pod adresem url: https:\/\/sp-development.pl\/ Operatorem serwisu oraz Administratorem danych osobowych jest: STEINB\u00d6CK &amp; PARTNER DEVELOPMENT SP\u00d3\u0141KA Z OGRANICZON\u0104 ODPOWIEDZIALNO\u015aCI\u0104, KRS 0000932357, NIP 8172202975, REGON, 520468918 Adres kontaktowy poczty elektronicznej operatora: steinbockpartnerdevelopment@gmail.com Operator jest Administratorem Twoich danych osobowych w odniesieniu do danych podanych dobrowolnie w [&hellip;]<\/p>\n","protected":false},"author":1,"featured_media":0,"parent":0,"menu_order":0,"comment_status":"closed","ping_status":"open","template":"","meta":{"footnotes":""},"class_list":["post-3","page","type-page","status-publish","hentry"],"_links":{"self":[{"href":"https:\/\/sp-development.pl\/index.php?rest_route=\/wp\/v2\/pages\/3","targetHints":{"allow":["GET"]}}],"collection":[{"href":"https:\/\/sp-development.pl\/index.php?rest_route=\/wp\/v2\/pages"}],"about":[{"href":"https:\/\/sp-development.pl\/index.php?rest_route=\/wp\/v2\/types\/page"}],"author":[{"embeddable":true,"href":"https:\/\/sp-development.pl\/index.php?rest_route=\/wp\/v2\/users\/1"}],"replies":[{"embeddable":true,"href":"https:\/\/sp-development.pl\/index.php?rest_route=%2Fwp%2Fv2%2Fcomments&post=3"}],"version-history":[{"count":6,"href":"https:\/\/sp-development.pl\/index.php?rest_route=\/wp\/v2\/pages\/3\/revisions"}],"predecessor-version":[{"id":1214,"href":"https:\/\/sp-development.pl\/index.php?rest_route=\/wp\/v2\/pages\/3\/revisions\/1214"}],"wp:attachment":[{"href":"https:\/\/sp-development.pl\/index.php?rest_route=%2Fwp%2Fv2%2Fmedia&parent=3"}],"curies":[{"name":"wp","href":"https:\/\/api.w.org\/{rel}","templated":true}]}}